{"id":735,"date":"2023-06-08T10:34:16","date_gmt":"2023-06-08T08:34:16","guid":{"rendered":"https:\/\/feuerwehr-ruehle.de\/?page_id=735"},"modified":"2024-01-02T08:25:31","modified_gmt":"2024-01-02T07:25:31","slug":"einsaetze-2023","status":"publish","type":"page","link":"https:\/\/feuerwehr-ruehle.de\/?page_id=735","title":{"rendered":"Eins\u00e4tze 2023"},"content":{"rendered":"\n<p><\/p>\n\n\n\n<figure class=\"wp-block-table\"><table><tbody><tr><td><strong>Datum<\/strong><\/td><td><strong>Uhrzeit<\/strong><\/td><td><strong>Einsatzort<\/strong><\/td><td><strong>Einsatzart<\/strong><\/td><\/tr><tr><td>09.01.2023<\/td><td>1:19<\/td><td>R\u00fchle, B\u00f6ttcherweg<\/td><td>FEU Shornstein:<br>im EFH, keine Personen mehr im Geb\u00e4ude<\/td><\/tr><tr><td>23.01.2023<\/td><td>10:33<\/td><td>Bodenwerder &#8211; R\u00fchle, L580<\/td><td>TH Alarm auslaufende Betriebsstoffe klein:<br>Auslaufende Betriebsstoffe nach Achsenbruch<\/td><\/tr><tr><td>27.01.2023<\/td><td>05:44<\/td><td>R\u00fchle, Im Gro\u00dfen Tal<\/td><td>FEU LKW: brennt Wohnmobil<\/td><\/tr><tr><td>11.02.2023<\/td><td>16:27<\/td><td>R\u00fchle, Friedrichsweg<\/td><td>TH Einsatz \u00d6lspur klein, kam \u00fcber POL<\/td><\/tr><tr><td>30.03.2023<\/td><td>13:49<\/td><td>R\u00fchle, Waldstra\u00dfe \/ Am Rebstock<\/td><td>TH Einsatz \u00d6lspur klein<\/td><\/tr><tr><td>06.05.2023<\/td><td>09:10<\/td><td>R\u00fchle, Grube Breitenstein Im Brundel<\/td><td>TH Alarm Person in Zwangslage:<br>Person unter Bohrfahrzeug<br>Dies war eine \u00dcbung<\/td><\/tr><tr><td>12.06.2023<\/td><td>13:28<\/td><td>Bodenwerder Kemnade, Danziger Str.<\/td><td>TH Alarm ausstr\u00f6mendes Gas:<br>bei Erdarbeiten Leitung besch\u00e4digt \/ Nachalarm<br><\/td><\/tr><tr><td>08.07.2023<\/td><td>13:13<\/td><td>Bodenwerder &#8211; Br\u00f6keln K12<\/td><td>FEU Fl\u00e4che gro\u00df:<br>Brennt Stoppelfeld<\/td><\/tr><\/tr><tr>\n<td>12.09.2023<\/td><td>13:10<\/td><td>R\u00fchle, Am Breitenstein<\/td><td>TH Alarm: Tragehilfe DLK<br>Nafo RD<\/td><\/tr><tr>\n<td>27.09.2023<\/td><td>11:43<\/td><td>R\u00fchle, Am Breitenstein<\/td><td>TH Alarm: Gew\u00e4sser <br> Kuh bis zum Hals in der Weser<\/td><\/tr>\n<td>25.12.2023<\/td><td>12:36<\/td><td>Bodenwerder<\/td><td>Sonderlage<br><\/td><\/tr>\n<td>27.12.2023<\/td><td>15:45<\/td><td>R\u00fchle, Bodenwerdersche Stra\u00dfe<\/td><td>TH Einsatz Wasser im Keller: <br>ca. 25cm hoch, Stromausfall<\/td><\/tr><\/tr><\/tbody><\/table><\/figure>\n","protected":false},"excerpt":{"rendered":"<p>Datum Uhrzeit Einsatzort Einsatzart 09.01.2023 1:19 R\u00fchle, B\u00f6ttcherweg FEU Shornstein:im EFH, keine Personen mehr im Geb\u00e4ude 23.01.2023 10:33 Bodenwerder &#8211; R\u00fchle, L580 TH Alarm auslaufende Betriebsstoffe klein:Auslaufende Betriebsstoffe nach Achsenbruch 27.01.2023 05:44 R\u00fchle, Im Gro\u00dfen Tal FEU LKW: brennt Wohnmobil 11.02.2023 16:27 R\u00fchle, Friedrichsweg TH Einsatz \u00d6lspur klein, kam \u00fcber POL 30.03.2023 13:49 R\u00fchle, Waldstra\u00dfe <a class=\"more-link\" href=\"https:\/\/feuerwehr-ruehle.de\/?page_id=735\">weiterlesen&#8230;<\/a><\/p>\n","protected":false},"author":1,"featured_media":0,"parent":0,"menu_order":0,"comment_status":"closed","ping_status":"closed","template":"","meta":{"footnotes":""},"class_list":["post-735","page","type-page","status-publish","hentry"],"_links":{"self":[{"href":"https:\/\/feuerwehr-ruehle.de\/index.php?rest_route=\/wp\/v2\/pages\/735","targetHints":{"allow":["GET"]}}],"collection":[{"href":"https:\/\/feuerwehr-ruehle.de\/index.php?rest_route=\/wp\/v2\/pages"}],"about":[{"href":"https:\/\/feuerwehr-ruehle.de\/index.php?rest_route=\/wp\/v2\/types\/page"}],"author":[{"embeddable":true,"href":"https:\/\/feuerwehr-ruehle.de\/index.php?rest_route=\/wp\/v2\/users\/1"}],"replies":[{"embeddable":true,"href":"https:\/\/feuerwehr-ruehle.de\/index.php?rest_route=%2Fwp%2Fv2%2Fcomments&post=735"}],"version-history":[{"count":5,"href":"https:\/\/feuerwehr-ruehle.de\/index.php?rest_route=\/wp\/v2\/pages\/735\/revisions"}],"predecessor-version":[{"id":800,"href":"https:\/\/feuerwehr-ruehle.de\/index.php?rest_route=\/wp\/v2\/pages\/735\/revisions\/800"}],"wp:attachment":[{"href":"https:\/\/feuerwehr-ruehle.de\/index.php?rest_route=%2Fwp%2Fv2%2Fmedia&parent=735"}],"curies":[{"name":"wp","href":"https:\/\/api.w.org\/{rel}","templated":true}]}}