{"id":7,"date":"2020-08-11T13:07:29","date_gmt":"2020-08-11T11:07:29","guid":{"rendered":"http:\/\/feuerwehr-ruehle.de\/?page_id=7"},"modified":"2026-01-06T12:56:20","modified_gmt":"2026-01-06T11:56:20","slug":"aktuelles","status":"publish","type":"page","link":"https:\/\/feuerwehr-ruehle.de\/","title":{"rendered":"Aktuelles"},"content":{"rendered":"\n<p><\/p>\n\n\n\n<figure class=\"wp-block-gallery has-nested-images columns-default is-cropped wp-block-gallery-1 is-layout-flex wp-block-gallery-is-layout-flex\"><\/figure>\n\n\n\n\n\n\n\n<p><\/p>\n\n\n\n<p><\/p>\n\n\n\n<p><\/p>\n\n\n\n<div class=\"wp-block-columns is-layout-flex wp-container-core-columns-is-layout-9d6595d7 wp-block-columns-is-layout-flex\">\n<div class=\"wp-block-column is-layout-flow wp-block-column-is-layout-flow\" style=\"flex-basis:100%\">\n<p class=\"has-text-align-center\"><b>Am kommenden Samstag, den 10.01.2026 werden wieder im Ort die Tannenb\u00e4ume durch unserer Jugendfeuerwehr eingesammelt.\n<br><br>\n\nDie Tannenb\u00e4ume m\u00fcssen ab 9 Uhr abgeschm\u00fcckt und gut sichtbar am Stra\u00dfenrand liegen.<\/b><\/p>\n\n\n\n<p><\/p>\n<\/div>\n<\/div>\n\n\n\n<br><br>\n\n\n\n<p><\/p>\n\n\n\n<p><\/p>\n\n\n\n\n\n<p><\/p>\n","protected":false},"excerpt":{"rendered":"<p>Am kommenden Samstag, den 10.01.2026 werden wieder im Ort die Tannenb\u00e4ume durch unserer Jugendfeuerwehr eingesammelt. Die Tannenb\u00e4ume m\u00fcssen ab 9 Uhr abgeschm\u00fcckt und gut sichtbar am Stra\u00dfenrand liegen.<\/p>\n","protected":false},"author":1,"featured_media":0,"parent":0,"menu_order":0,"comment_status":"closed","ping_status":"closed","template":"","meta":{"footnotes":""},"class_list":["post-7","page","type-page","status-publish","hentry"],"_links":{"self":[{"href":"https:\/\/feuerwehr-ruehle.de\/index.php?rest_route=\/wp\/v2\/pages\/7","targetHints":{"allow":["GET"]}}],"collection":[{"href":"https:\/\/feuerwehr-ruehle.de\/index.php?rest_route=\/wp\/v2\/pages"}],"about":[{"href":"https:\/\/feuerwehr-ruehle.de\/index.php?rest_route=\/wp\/v2\/types\/page"}],"author":[{"embeddable":true,"href":"https:\/\/feuerwehr-ruehle.de\/index.php?rest_route=\/wp\/v2\/users\/1"}],"replies":[{"embeddable":true,"href":"https:\/\/feuerwehr-ruehle.de\/index.php?rest_route=%2Fwp%2Fv2%2Fcomments&post=7"}],"version-history":[{"count":180,"href":"https:\/\/feuerwehr-ruehle.de\/index.php?rest_route=\/wp\/v2\/pages\/7\/revisions"}],"predecessor-version":[{"id":872,"href":"https:\/\/feuerwehr-ruehle.de\/index.php?rest_route=\/wp\/v2\/pages\/7\/revisions\/872"}],"wp:attachment":[{"href":"https:\/\/feuerwehr-ruehle.de\/index.php?rest_route=%2Fwp%2Fv2%2Fmedia&parent=7"}],"curies":[{"name":"wp","href":"https:\/\/api.w.org\/{rel}","templated":true}]}}