{"id":658,"date":"2022-03-11T15:46:12","date_gmt":"2022-03-11T14:46:12","guid":{"rendered":"https:\/\/feuerwehr-ruehle.de\/?page_id=658"},"modified":"2023-06-08T10:17:51","modified_gmt":"2023-06-08T08:17:51","slug":"einsaetze-2022","status":"publish","type":"page","link":"https:\/\/feuerwehr-ruehle.de\/?page_id=658","title":{"rendered":"Eins\u00e4tze 2022"},"content":{"rendered":"\n<figure class=\"wp-block-table\">\n<table>\n<tbody>\n<tr>\n<td><strong>Datum<\/strong><\/td>\n<td><strong>Uhrzeit<\/strong><\/td>\n<td><strong>Einsatzort<\/strong><\/td>\n<td><strong>Einsatzart<\/strong><\/td>\n<\/tr>\n<tr>\n<td>19.01.2022<\/td>\n<td>00:34<\/td>\n<td>Bodenwerder &#8211; Kemnade, Im K\u00e4lbertal<\/td>\n<td>FEU Menschenleben in Gefahr: <br \/>Dachstuhl brennt<\/td>\n<\/td>\n<\/tr>\n<tr>\n<td>18.02.2022<\/td>\n<td>20:08<\/td>\n<td>Bodenwerder &#8211; Kemnade, Feuerwehr Bodenwerder<\/td>\n<td>Sonderlage: <br \/>Unwettereins\u00e4tze<\/td>\n<\/td>\n<\/tr>\n<tr>\n<td>03.04.2022<\/td>\n<td>14:40<\/td>\n<td>R\u00fchle, Am Breitenstein<\/td>\n<td>TH Einsatz Gew\u00e4sser:<br \/>Tonne im Geb\u00fcsch, \u00d6l l\u00e4uft in Weser<\/td>\n<\/td>\n<\/tr>\n<tr>\n<td>18.04.2022<\/td>\n<td>12:23<\/td>\n<td>Bodenwerder<\/td>\n<td>FEU Entstehungsbrand: <br \/>Fl\u00e4che ca. 4qm teils abgebrannt \/teils noch kleine Flammen, von Wanderern entdeckt, Fu\u00dfweg von R\u00fchle zum Aussichtspunkt\/H\u00fctte<\/td>\n<\/td>\n<\/tr>\n<tr>\n<td>27.04.2022<\/td>\n<td>06:20<\/td>\n<td>R\u00fchle, Golmbacher Str.<\/td>\n<td>TH Alarm Tragehilfe RD:<br \/>Nachforderung RD<\/td>\n<\/td>\n<\/tr>\n<tr>\n<td>08.07.2022<\/td>\n<td>15:09<\/td>\n<td>R\u00fchle, Waldstra\u00dfe<\/td>\n<td>TH Alarm Tragehilfe DLK:<br \/>Laufende Reanimation<\/td>\n<\/td>\n<\/tr>\n<tr>\n<td>15.08.2022<\/td>\n<td>12:29<\/td>\n<td>R\u00fchle &#8211; D\u00f6lme, K35<\/td>\n<td>TH Alarm Tragehilfe RD:<br \/>2 Personen im Graben \/ Abhang<\/td>\n<\/td>\n<\/tr>\n<tr>\n<td>26.08.2022<\/td>\n<td>23:19<\/td>\n<td>R\u00fchle<\/td>\n<td>TH Unwetter<br \/>Bodenwerder Sonderlage<\/td>\n<\/td>\n<\/tr>\n<tr>\n<td>09.09.2022<\/td>\n<td>13:26<\/td>\n<td>Bodenwerder &#8211; Kemnade, Albert Schweitzer Str.<\/td>\n<td>FEU Menschenleben in Gefahr:<br \/>Heimrauchmelder, Whg verraucht, Peron noch im Geb\u00e4ude<\/td>\n<\/td>\n<\/tr>\n<tr>\n<td>19.09.2022<\/td>\n<td>16:59<\/td>\n<td>R\u00fchle &#8211; Golmbach, L580<\/td>\n<td>VU Alarm auslaufende Betriebsstoffe<br \/>Fzg. 2 Meter Abhang runter gefahren, steht jetzt auf Feldweg<\/td>\n<\/td>\n<\/tr>\n<tr>\n<td>31.12.2022<\/td>\n<td>20:41<\/td>\n<td>Bodenwerder Reitverein, Ziegeleiweg<\/td>\n<td>FEU Scheune:<br\/>Anruf aus 200m Distanz, n\u00e4heres nicht bekannt<\/td>\n<\/td>\n<\/tr>\n\n<\/tbody>\n<\/table>\n<\/figure>\n\n","protected":false},"excerpt":{"rendered":"<p>Datum Uhrzeit Einsatzort Einsatzart 19.01.2022 00:34 Bodenwerder &#8211; Kemnade, Im K\u00e4lbertal FEU Menschenleben in Gefahr: Dachstuhl brennt 18.02.2022 20:08 Bodenwerder &#8211; Kemnade, Feuerwehr Bodenwerder Sonderlage: Unwettereins\u00e4tze 03.04.2022 14:40 R\u00fchle, Am Breitenstein TH Einsatz Gew\u00e4sser:Tonne im Geb\u00fcsch, \u00d6l l\u00e4uft in Weser 18.04.2022 12:23 Bodenwerder FEU Entstehungsbrand: Fl\u00e4che ca. 4qm teils abgebrannt \/teils noch kleine Flammen, von <a class=\"more-link\" href=\"https:\/\/feuerwehr-ruehle.de\/?page_id=658\">weiterlesen&#8230;<\/a><\/p>\n","protected":false},"author":1,"featured_media":0,"parent":0,"menu_order":0,"comment_status":"closed","ping_status":"closed","template":"","meta":{"footnotes":""},"class_list":["post-658","page","type-page","status-publish","hentry"],"_links":{"self":[{"href":"https:\/\/feuerwehr-ruehle.de\/index.php?rest_route=\/wp\/v2\/pages\/658","targetHints":{"allow":["GET"]}}],"collection":[{"href":"https:\/\/feuerwehr-ruehle.de\/index.php?rest_route=\/wp\/v2\/pages"}],"about":[{"href":"https:\/\/feuerwehr-ruehle.de\/index.php?rest_route=\/wp\/v2\/types\/page"}],"author":[{"embeddable":true,"href":"https:\/\/feuerwehr-ruehle.de\/index.php?rest_route=\/wp\/v2\/users\/1"}],"replies":[{"embeddable":true,"href":"https:\/\/feuerwehr-ruehle.de\/index.php?rest_route=%2Fwp%2Fv2%2Fcomments&post=658"}],"version-history":[{"count":7,"href":"https:\/\/feuerwehr-ruehle.de\/index.php?rest_route=\/wp\/v2\/pages\/658\/revisions"}],"predecessor-version":[{"id":734,"href":"https:\/\/feuerwehr-ruehle.de\/index.php?rest_route=\/wp\/v2\/pages\/658\/revisions\/734"}],"wp:attachment":[{"href":"https:\/\/feuerwehr-ruehle.de\/index.php?rest_route=%2Fwp%2Fv2%2Fmedia&parent=658"}],"curies":[{"name":"wp","href":"https:\/\/api.w.org\/{rel}","templated":true}]}}