{"id":568,"date":"2021-06-09T10:32:28","date_gmt":"2021-06-09T08:32:28","guid":{"rendered":"https:\/\/feuerwehr-ruehle.de\/?page_id=568"},"modified":"2022-01-14T15:25:29","modified_gmt":"2022-01-14T14:25:29","slug":"einsaetze-2021","status":"publish","type":"page","link":"https:\/\/feuerwehr-ruehle.de\/?page_id=568","title":{"rendered":"Eins\u00e4tze 2021"},"content":{"rendered":"\n<figure class=\"wp-block-table\">\n<table>\n<tbody>\n<tr>\n<td><strong>Datum<\/strong><\/td>\n<td><strong>Uhrzeit<\/strong><\/td>\n<td><strong>Einsatzort<\/strong><\/td>\n<td><strong>Einsatzart<\/strong><\/td>\n<\/tr>\n<tr>\n<td>09.02.2021<\/td>\n<td>18:11<\/td>\n<td>Bodenwerder, Goethestra\u00dfe<\/td>\n<td>FEU Keller: <br \/>Brennt an den \u00d6ltanks<\/td>\n<\/td>\n<\/tr>\n<tr>\n<td>17.02.2021<\/td>\n<td>16:03<\/td>\n<td>Bodenwerder-Kemnade, Hamelner Stra\u00dfe<\/td>\n<td>FEU Wohnung:<br \/>Rauchmelder aktiv- Rauch auch sichtbar<\/td>\n<\/tr>\n<tr>\n<td>31.03.2021<\/td>\n<td>10:57<\/td>\n<td>R\u00fchle-Golmbach L580<\/td>\n<td>TH Alarm auslaufende Betriebsstoffe klein:<br \/>Kradfahrer vs Leitplanke, Benzin l\u00e4uft aus<\/td>\n<\/tr>\n<tr>\n<td>05.05.2021<\/td>\n<td>15:32<\/td>\n<td>Bodenwerder Campingplatz, Ziegeleiweg<\/td>\n<td>1. Nachalarm:<br \/>brennen mehrere Wohnwagen<\/td>\n<\/tr>\n<tr>\n<td>13.05.2021<\/td>\n<td>14:31<\/td>\n<td>R\u00fchle, Am Weinberg<\/td>\n<td>TH Alarm Tragehilfe RD:<br \/>Mann 3 Meter aus Baum gefallen, Schmerzen Schulter<\/td>\n<\/tr>\n<tr>\n<td>02.06.2021<\/td>\n<td>13:58<\/td>\n<td>Bodenwerder, Flemesstera\u00dfe<\/td>\n<td>FEU Wohnung:<br \/>EFM \/ Rauchmelder piepen \/ Rauchentwicklung <br>Dies stellte sich als angebranntes Essen heraus<\/td>\n<\/tr>\n<tr>\n<td>02.06.2021<\/td>\n<td>19:11<\/td>\n<td>Bodenwerder &#8211; R\u00fchle L580<\/td>\n<td>VU eingeklemmte Person mehrfach:<br \/>2 Bullis, mindestens 5 Verletzte<\/td>\n<\/tr>\n<tr>\n<td>29.06.2021<\/td>\n<td>23:52<\/td>\n<td>R\u00fchle, Bodenwerdersche Stra\u00dfe<\/td>\n<td>TH Alarm Truppst\u00e4rke:<br \/>Stra\u00dfe unter Wasser Richtung Bodenwerder <br>Diesen Abend wurden mehrere Einsatzstellen in R\u00fchle und Bodenwerder abgearbeitet<\/td>\n<\/tr>\n<td>07.08.2021<\/td>\n<td>07:57<\/td>\n<td>R\u00fchle, Campingplatz<\/td>\n<td>TH Einsatz Truppst\u00e4rke:<br \/>Unterst\u00fctzung RD &#8211; Abschirmung RD<\/td>\n<\/tr>\n<\/tr>\n<td>04.09.2021<\/td>\n<td>16:00<\/td>\n<td>R\u00fchle, Campingplatz<\/td>\n<td>TH Alarm Tragehilfe:<br \/>Einweiser Haupteingang Campingplatz,  laufende Reanimation<\/td>\n<\/tr>\n<td>16.09.2021<\/td>\n<td>18:51<\/td>\n<td>Linse, In der Masch<\/td>\n<td>FEU Wohnung:<br \/>Zimmerbrand 1.OG<br>Dies stellte sich als eine \u00dcbung heraus.  <\/td>\n<\/tr>\n<td>29.10.2021<\/td>\n<td>16:15<\/td>\n<td>R\u00fchle, Bodenwerdersche Str.<\/td>\n<td>FEU Wohnung:<br \/>Heizungsraum<\/td>\n<\/tr>\n<td>02.11.2021<\/td>\n<td>17:30<\/td>\n<td>Bodenwerder, Br\u00fcckenstra\u00dfe<\/td>\n<td>FEU Wohnung:<br \/>Feuer im Badezimmer 1.OG <\/td>\n<\/tr>\n<td>11.11.2021<\/td>\n<td>21:12<\/td>\n<td>R\u00fchle, Bodenwerdersche Str.<\/td>\n<td>TH Alarm Tragehilfe RD:<br \/>NAFO \/ Staffel, Tragehilfe mit Schleifkorbtrage erforderlich<\/td>\n<\/tr>\n<\/tbody>\n<\/table>\n<\/figure>\n","protected":false},"excerpt":{"rendered":"<p>Datum Uhrzeit Einsatzort Einsatzart 09.02.2021 18:11 Bodenwerder, Goethestra\u00dfe FEU Keller: Brennt an den \u00d6ltanks 17.02.2021 16:03 Bodenwerder-Kemnade, Hamelner Stra\u00dfe FEU Wohnung:Rauchmelder aktiv- Rauch auch sichtbar 31.03.2021 10:57 R\u00fchle-Golmbach L580 TH Alarm auslaufende Betriebsstoffe klein:Kradfahrer vs Leitplanke, Benzin l\u00e4uft aus 05.05.2021 15:32 Bodenwerder Campingplatz, Ziegeleiweg 1. Nachalarm:brennen mehrere Wohnwagen 13.05.2021 14:31 R\u00fchle, Am Weinberg TH Alarm <a class=\"more-link\" href=\"https:\/\/feuerwehr-ruehle.de\/?page_id=568\">weiterlesen&#8230;<\/a><\/p>\n","protected":false},"author":1,"featured_media":0,"parent":0,"menu_order":0,"comment_status":"closed","ping_status":"closed","template":"","meta":{"footnotes":""},"class_list":["post-568","page","type-page","status-publish","hentry"],"_links":{"self":[{"href":"https:\/\/feuerwehr-ruehle.de\/index.php?rest_route=\/wp\/v2\/pages\/568","targetHints":{"allow":["GET"]}}],"collection":[{"href":"https:\/\/feuerwehr-ruehle.de\/index.php?rest_route=\/wp\/v2\/pages"}],"about":[{"href":"https:\/\/feuerwehr-ruehle.de\/index.php?rest_route=\/wp\/v2\/types\/page"}],"author":[{"embeddable":true,"href":"https:\/\/feuerwehr-ruehle.de\/index.php?rest_route=\/wp\/v2\/users\/1"}],"replies":[{"embeddable":true,"href":"https:\/\/feuerwehr-ruehle.de\/index.php?rest_route=%2Fwp%2Fv2%2Fcomments&post=568"}],"version-history":[{"count":5,"href":"https:\/\/feuerwehr-ruehle.de\/index.php?rest_route=\/wp\/v2\/pages\/568\/revisions"}],"predecessor-version":[{"id":629,"href":"https:\/\/feuerwehr-ruehle.de\/index.php?rest_route=\/wp\/v2\/pages\/568\/revisions\/629"}],"wp:attachment":[{"href":"https:\/\/feuerwehr-ruehle.de\/index.php?rest_route=%2Fwp%2Fv2%2Fmedia&parent=568"}],"curies":[{"name":"wp","href":"https:\/\/api.w.org\/{rel}","templated":true}]}}