{"id":56,"date":"2017-03-27T22:41:49","date_gmt":"2017-03-27T20:41:49","guid":{"rendered":"http:\/\/feuerwehr-ruehle.de\/?page_id=56"},"modified":"2017-03-28T21:39:08","modified_gmt":"2017-03-28T19:39:08","slug":"einsaetze-2011","status":"publish","type":"page","link":"https:\/\/feuerwehr-ruehle.de\/?page_id=56","title":{"rendered":"Eins\u00e4tze 2011"},"content":{"rendered":"<table>\n<tbody>\n<tr>\n<td style=\"text-align: center;\">\n<h5><strong>Datum<\/strong><\/h5>\n<\/td>\n<td style=\"text-align: center;\">\n<h5><strong>Uhrzeit<\/strong><\/h5>\n<\/td>\n<td style=\"text-align: center;\">\n<h5><strong>Einsatzort<\/strong><\/h5>\n<\/td>\n<td style=\"text-align: center;\">\n<h5><strong>Einsatzart<\/strong><\/h5>\n<\/td>\n<\/tr>\n<tr>\n<td style=\"text-align: center;\">11.01.2011<\/td>\n<td style=\"text-align: center;\">08:40<\/td>\n<td style=\"text-align: center;\">Bodenwerder, Homburgstra\u00dfe<\/td>\n<td style=\"text-align: center;\">Schornsteinbrand<\/td>\n<\/tr>\n<tr>\n<td style=\"text-align: center;\">15.04.2011<\/td>\n<td style=\"text-align: center;\">18:52<\/td>\n<td style=\"text-align: center;\">R\u00fchle, Am Rebstock<\/td>\n<td style=\"text-align: center;\">Sauna geriet durch Saunaofen in Brand<\/td>\n<\/tr>\n<tr>\n<td style=\"text-align: center;\">30.04.2011<\/td>\n<td style=\"text-align: center;\">17:18<\/td>\n<td style=\"text-align: center;\">R\u00fchle<\/td>\n<td style=\"text-align: center;\">Selbstentz\u00fcndung der Glutreste am Osterfeuer<\/td>\n<\/tr>\n<tr>\n<td style=\"text-align: center;\">20.06.2011<\/td>\n<td style=\"text-align: center;\">17:59<\/td>\n<td style=\"text-align: center;\">Bodenwerder, Homburgstra\u00dfe<\/td>\n<td style=\"text-align: center;\">Kleinbrand in Wohnung<\/td>\n<\/tr>\n<tr>\n<td style=\"text-align: center;\">22.06.2011<\/td>\n<td style=\"text-align: center;\">10:35<\/td>\n<td style=\"text-align: center;\">R\u00fchle-Bodenwerder, L580<\/td>\n<td style=\"text-align: center;\">PKW kam von der Stra\u00dfe ab<\/td>\n<\/tr>\n<tr>\n<td style=\"text-align: center;\">30.06.2011<\/td>\n<td style=\"text-align: center;\">03:58<\/td>\n<td style=\"text-align: center;\">R\u00fchler Schweiz, L580<\/td>\n<td style=\"text-align: center;\">Baumbeseitigung<\/td>\n<\/tr>\n<tr>\n<td style=\"text-align: center;\">06.08.2011<\/td>\n<td style=\"text-align: center;\">14:58<\/td>\n<td style=\"text-align: center;\">R\u00fchler Schweiz, L580<\/td>\n<td style=\"text-align: center;\">\u00d6lspur<\/td>\n<\/tr>\n<tr>\n<td style=\"text-align: center;\">14.08.2011<\/td>\n<td style=\"text-align: center;\">18:10<\/td>\n<td style=\"text-align: center;\">R\u00fchler Schweiz, L580<\/td>\n<td style=\"text-align: center;\">Baumbeseitigung<\/td>\n<\/tr>\n<tr>\n<td style=\"text-align: center;\">27.08.2011<\/td>\n<td style=\"text-align: center;\">09:00<\/td>\n<td style=\"text-align: center;\">R\u00fchle, Waldstra\u00dfe<\/td>\n<td style=\"text-align: center;\">Abpumpen eines vollgelaufenen Kellers<\/td>\n<\/tr>\n<tr>\n<td style=\"text-align: center;\">06.10.2011<\/td>\n<td style=\"text-align: center;\">19:07<\/td>\n<td style=\"text-align: center;\">R\u00fchle-D\u00f6lme, K35<\/td>\n<td style=\"text-align: center;\">Baumbeseitigung<\/td>\n<\/tr>\n<\/tbody>\n<\/table>\n","protected":false},"excerpt":{"rendered":"<p>Datum Uhrzeit Einsatzort Einsatzart 11.01.2011 08:40 Bodenwerder, Homburgstra\u00dfe Schornsteinbrand 15.04.2011 18:52 R\u00fchle, Am Rebstock Sauna geriet durch Saunaofen in Brand 30.04.2011 17:18 R\u00fchle Selbstentz\u00fcndung der Glutreste am Osterfeuer 20.06.2011 17:59 Bodenwerder, Homburgstra\u00dfe Kleinbrand in Wohnung 22.06.2011 10:35 R\u00fchle-Bodenwerder, L580 PKW kam von der Stra\u00dfe ab 30.06.2011 03:58 R\u00fchler Schweiz, L580 Baumbeseitigung 06.08.2011 14:58 R\u00fchler Schweiz, <a class=\"more-link\" href=\"https:\/\/feuerwehr-ruehle.de\/?page_id=56\">weiterlesen&#8230;<\/a><\/p>\n","protected":false},"author":1,"featured_media":0,"parent":11,"menu_order":0,"comment_status":"closed","ping_status":"closed","template":"","meta":{"footnotes":""},"class_list":["post-56","page","type-page","status-publish","hentry"],"_links":{"self":[{"href":"https:\/\/feuerwehr-ruehle.de\/index.php?rest_route=\/wp\/v2\/pages\/56","targetHints":{"allow":["GET"]}}],"collection":[{"href":"https:\/\/feuerwehr-ruehle.de\/index.php?rest_route=\/wp\/v2\/pages"}],"about":[{"href":"https:\/\/feuerwehr-ruehle.de\/index.php?rest_route=\/wp\/v2\/types\/page"}],"author":[{"embeddable":true,"href":"https:\/\/feuerwehr-ruehle.de\/index.php?rest_route=\/wp\/v2\/users\/1"}],"replies":[{"embeddable":true,"href":"https:\/\/feuerwehr-ruehle.de\/index.php?rest_route=%2Fwp%2Fv2%2Fcomments&post=56"}],"version-history":[{"count":6,"href":"https:\/\/feuerwehr-ruehle.de\/index.php?rest_route=\/wp\/v2\/pages\/56\/revisions"}],"predecessor-version":[{"id":83,"href":"https:\/\/feuerwehr-ruehle.de\/index.php?rest_route=\/wp\/v2\/pages\/56\/revisions\/83"}],"up":[{"embeddable":true,"href":"https:\/\/feuerwehr-ruehle.de\/index.php?rest_route=\/wp\/v2\/pages\/11"}],"wp:attachment":[{"href":"https:\/\/feuerwehr-ruehle.de\/index.php?rest_route=%2Fwp%2Fv2%2Fmedia&parent=56"}],"curies":[{"name":"wp","href":"https:\/\/api.w.org\/{rel}","templated":true}]}}