{"id":553,"date":"2021-01-06T13:39:42","date_gmt":"2021-01-06T12:39:42","guid":{"rendered":"https:\/\/feuerwehr-ruehle.de\/?page_id=553"},"modified":"2021-01-06T13:39:42","modified_gmt":"2021-01-06T12:39:42","slug":"einsaetze-2020","status":"publish","type":"page","link":"https:\/\/feuerwehr-ruehle.de\/?page_id=553","title":{"rendered":"Eins\u00e4tze 2020"},"content":{"rendered":"\n<figure class=\"wp-block-table\"><table><tbody><tr><td><strong>Datum<\/strong><\/td><td><strong>Uhrzeit<\/strong><\/td><td><strong>Einsatzort<\/strong><\/td><td><strong>Einsatzart<\/strong><\/td><\/tr><tr><td>08.01.2020<\/td><td>23:50<\/td><td>Bodenwerder-Kemnade, Albert-Schweizer-Str.<\/td><td>FEU Wohnung:<br>\u00dcber Lst POL, Rauchmelder angeschlagen, Brandgeruch<\/td><\/tr><tr><td>30.01.2020<\/td><td>15:33<\/td><td>Bodenwerder-Kemnade, Albert-Schweizer-Str.<\/td><td>FEU Wohnung:<br>Brennt die Microwelle \/ Rauch in der WHG<\/td><\/tr><tr><td>23.02.2020<\/td><td>17:17<\/td><td>R\u00fchle-Golmbach L580<\/td><td>TH Alarm umgest\u00fcrtzter Baum:<br>Baum \u00fcber die gesammte Fahrbahn. Strassenmeisterei kann nicht kommen<\/td><\/tr><tr><td>28.02.2020<\/td><td>22:15<\/td><td>Campingplatz R\u00fchler Schweiz, Im Gro\u00dfen Tal<\/td><td>TH Alarm, Tragehilfe RD:<br>Im Wohnwagen, Patient muss unter laufender Reanimation zum RTW gebracht werden<\/td><\/tr><tr><td>12.04.2020<\/td><td>18:09<\/td><td>R\u00fchle-Golmbach L580<\/td><td>TH Alarm, \u00d6lspur klein:<br>Bereits ein Motorradfahrer durch \u00d6lspur gest\u00fcrtzt<\/td><\/tr><tr><td>05.05.2020<\/td><td>23:27<\/td><td>Bodenwerder, R\u00fchler Stra\u00dfe<\/td><td>FEU BMA:<br>1. Nachalarm<\/td><\/tr><tr><td>16.06.2020<\/td><td>12:04<\/td><td>R\u00fchle, Lange Grund<\/td><td>TH Alarm, Tragehilfe DLK:<br>5-6 M\u00e4nner erforderlich<\/td><\/tr><tr><td>20.08.2020<\/td><td>21:00<\/td><td>R\u00fchle \u2013 Golmbach, L580<\/td><td>TH Alarm, Person in Zwangslage:<br>Kradfahrer am Bein verletzt unter der Leitplanke in ca 4-5 meter Tiefe bei 70 % Steigung<\/td><\/tr><tr><td>20.12.2020<\/td><td>00:08<\/td><td>R\u00fchle, Im Brundel<\/td><td>TH Alarm, Tragehilfe RD:<br>RTW und NEF vor Ort<\/td><\/tr><tr><td><\/tr><\/tbody><\/table><\/figure>\n","protected":false},"excerpt":{"rendered":"<p>Datum Uhrzeit Einsatzort Einsatzart 08.01.2020 23:50 Bodenwerder-Kemnade, Albert-Schweizer-Str. FEU Wohnung:\u00dcber Lst POL, Rauchmelder angeschlagen, Brandgeruch 30.01.2020 15:33 Bodenwerder-Kemnade, Albert-Schweizer-Str. FEU Wohnung:Brennt die Microwelle \/ Rauch in der WHG 23.02.2020 17:17 R\u00fchle-Golmbach L580 TH Alarm umgest\u00fcrtzter Baum:Baum \u00fcber die gesammte Fahrbahn. Strassenmeisterei kann nicht kommen 28.02.2020 22:15 Campingplatz R\u00fchler Schweiz, Im Gro\u00dfen Tal TH Alarm, Tragehilfe <a class=\"more-link\" href=\"https:\/\/feuerwehr-ruehle.de\/?page_id=553\">weiterlesen&#8230;<\/a><\/p>\n","protected":false},"author":1,"featured_media":0,"parent":11,"menu_order":0,"comment_status":"closed","ping_status":"closed","template":"","meta":{"footnotes":""},"class_list":["post-553","page","type-page","status-publish","hentry"],"_links":{"self":[{"href":"https:\/\/feuerwehr-ruehle.de\/index.php?rest_route=\/wp\/v2\/pages\/553","targetHints":{"allow":["GET"]}}],"collection":[{"href":"https:\/\/feuerwehr-ruehle.de\/index.php?rest_route=\/wp\/v2\/pages"}],"about":[{"href":"https:\/\/feuerwehr-ruehle.de\/index.php?rest_route=\/wp\/v2\/types\/page"}],"author":[{"embeddable":true,"href":"https:\/\/feuerwehr-ruehle.de\/index.php?rest_route=\/wp\/v2\/users\/1"}],"replies":[{"embeddable":true,"href":"https:\/\/feuerwehr-ruehle.de\/index.php?rest_route=%2Fwp%2Fv2%2Fcomments&post=553"}],"version-history":[{"count":1,"href":"https:\/\/feuerwehr-ruehle.de\/index.php?rest_route=\/wp\/v2\/pages\/553\/revisions"}],"predecessor-version":[{"id":554,"href":"https:\/\/feuerwehr-ruehle.de\/index.php?rest_route=\/wp\/v2\/pages\/553\/revisions\/554"}],"up":[{"embeddable":true,"href":"https:\/\/feuerwehr-ruehle.de\/index.php?rest_route=\/wp\/v2\/pages\/11"}],"wp:attachment":[{"href":"https:\/\/feuerwehr-ruehle.de\/index.php?rest_route=%2Fwp%2Fv2%2Fmedia&parent=553"}],"curies":[{"name":"wp","href":"https:\/\/api.w.org\/{rel}","templated":true}]}}