{"id":54,"date":"2017-03-27T22:41:49","date_gmt":"2017-03-27T20:41:49","guid":{"rendered":"http:\/\/feuerwehr-ruehle.de\/?page_id=54"},"modified":"2017-03-29T17:11:21","modified_gmt":"2017-03-29T15:11:21","slug":"einsaetze-2013","status":"publish","type":"page","link":"https:\/\/feuerwehr-ruehle.de\/?page_id=54","title":{"rendered":"Eins\u00e4tze 2013"},"content":{"rendered":"<table>\n<tbody>\n<tr>\n<td style=\"text-align: center;\">\n<h5><strong>Datum<\/strong><\/h5>\n<\/td>\n<td style=\"text-align: center;\">\n<h5><strong>Uhrzeit<\/strong><\/h5>\n<\/td>\n<td style=\"text-align: center;\">\n<h5><strong>Einsatzort<\/strong><\/h5>\n<\/td>\n<td style=\"text-align: center;\">\n<h5><strong>Einsatzart<\/strong><\/h5>\n<\/td>\n<\/tr>\n<tr>\n<td style=\"text-align: center;\">13.09.2013<\/td>\n<td style=\"text-align: center;\">10:30<\/td>\n<td style=\"text-align: center;\">Bodenwerder, Gro\u00dfe Stra\u00dfe<\/td>\n<td style=\"text-align: center;\">Wohnhausbrand<\/td>\n<\/tr>\n<tr>\n<td style=\"text-align: center;\">14.10.2013<\/td>\n<td style=\"text-align: center;\">19:00<\/td>\n<td style=\"text-align: center;\">R\u00fchle, Am Ehrberg<\/td>\n<td style=\"text-align: center;\">Verkehrsunfall<\/td>\n<\/tr>\n<\/tbody>\n<\/table>\n","protected":false},"excerpt":{"rendered":"<p>Datum Uhrzeit Einsatzort Einsatzart 13.09.2013 10:30 Bodenwerder, Gro\u00dfe Stra\u00dfe Wohnhausbrand 14.10.2013 19:00 R\u00fchle, Am Ehrberg Verkehrsunfall<\/p>\n","protected":false},"author":1,"featured_media":0,"parent":11,"menu_order":0,"comment_status":"closed","ping_status":"closed","template":"","meta":{"footnotes":""},"class_list":["post-54","page","type-page","status-publish","hentry"],"_links":{"self":[{"href":"https:\/\/feuerwehr-ruehle.de\/index.php?rest_route=\/wp\/v2\/pages\/54","targetHints":{"allow":["GET"]}}],"collection":[{"href":"https:\/\/feuerwehr-ruehle.de\/index.php?rest_route=\/wp\/v2\/pages"}],"about":[{"href":"https:\/\/feuerwehr-ruehle.de\/index.php?rest_route=\/wp\/v2\/types\/page"}],"author":[{"embeddable":true,"href":"https:\/\/feuerwehr-ruehle.de\/index.php?rest_route=\/wp\/v2\/users\/1"}],"replies":[{"embeddable":true,"href":"https:\/\/feuerwehr-ruehle.de\/index.php?rest_route=%2Fwp%2Fv2%2Fcomments&post=54"}],"version-history":[{"count":3,"href":"https:\/\/feuerwehr-ruehle.de\/index.php?rest_route=\/wp\/v2\/pages\/54\/revisions"}],"predecessor-version":[{"id":119,"href":"https:\/\/feuerwehr-ruehle.de\/index.php?rest_route=\/wp\/v2\/pages\/54\/revisions\/119"}],"up":[{"embeddable":true,"href":"https:\/\/feuerwehr-ruehle.de\/index.php?rest_route=\/wp\/v2\/pages\/11"}],"wp:attachment":[{"href":"https:\/\/feuerwehr-ruehle.de\/index.php?rest_route=%2Fwp%2Fv2%2Fmedia&parent=54"}],"curies":[{"name":"wp","href":"https:\/\/api.w.org\/{rel}","templated":true}]}}