{"id":51,"date":"2017-03-27T22:41:49","date_gmt":"2017-03-27T20:41:49","guid":{"rendered":"http:\/\/feuerwehr-ruehle.de\/?page_id=51"},"modified":"2017-03-29T17:29:44","modified_gmt":"2017-03-29T15:29:44","slug":"einsaetze-2015","status":"publish","type":"page","link":"https:\/\/feuerwehr-ruehle.de\/?page_id=51","title":{"rendered":"Eins\u00e4tze 2015"},"content":{"rendered":"<table>\n<tbody>\n<tr>\n<td style=\"text-align: center;\">\n<h5><strong>Datum<\/strong><\/h5>\n<\/td>\n<td style=\"text-align: center;\">\n<h5><strong>Uhrzeit<\/strong><\/h5>\n<\/td>\n<td style=\"text-align: center;\">\n<h5><strong>Einsatzort<\/strong><\/h5>\n<\/td>\n<td style=\"text-align: center;\">\n<h5><strong>Einsatzart<\/strong><\/h5>\n<\/td>\n<\/tr>\n<tr>\n<td style=\"text-align: center;\">14.01.2015<\/td>\n<td style=\"text-align: center;\"><\/td>\n<td style=\"text-align: center;\">R\u00fchle, Am Breitenstein<\/td>\n<td style=\"text-align: center;\">Sicherung einer Straenlateren nach VU<\/td>\n<\/tr>\n<tr>\n<td style=\"text-align: center;\">31.03.2015<\/td>\n<td style=\"text-align: center;\"><\/td>\n<td style=\"text-align: center;\">R\u00fchle, Am Rebstock<\/td>\n<td style=\"text-align: center;\">Baumbeseitigung<\/td>\n<\/tr>\n<tr>\n<td style=\"text-align: center;\">04.04.2015<\/td>\n<td style=\"text-align: center;\">13:30<\/td>\n<td style=\"text-align: center;\">Bodenwerder, Gro\u00dfe Stra\u00dfe<\/td>\n<td style=\"text-align: center;\">Wohnhausbrand<\/td>\n<\/tr>\n<tr>\n<td style=\"text-align: center;\">26.05.2015<\/td>\n<td style=\"text-align: center;\">17:30<\/td>\n<td style=\"text-align: center;\">Bodenwerder, Dampferanlager<\/td>\n<td style=\"text-align: center;\">Leck am Ausflugsschiff<\/td>\n<\/tr>\n<tr>\n<td style=\"text-align: center;\">26.05.2015<\/td>\n<td style=\"text-align: center;\">19:30<\/td>\n<td style=\"text-align: center;\">Bodenwerder, Milanweg<\/td>\n<td style=\"text-align: center;\">Gasaustritt in einem Wohnhaus<\/td>\n<\/tr>\n<tr>\n<td style=\"text-align: center;\">16.06.2015<\/td>\n<td style=\"text-align: center;\">03:30<\/td>\n<td style=\"text-align: center;\">R\u00fchle, Dammesworth<\/td>\n<td style=\"text-align: center;\">Wohnhausbrand<\/td>\n<\/tr>\n<tr>\n<td style=\"text-align: center;\">17.06.2015<\/td>\n<td style=\"text-align: center;\">05:00<\/td>\n<td style=\"text-align: center;\">R\u00fchle, Dammesworth<\/td>\n<td style=\"text-align: center;\">Nachl\u00f6scharbeiten vom Vortag<\/td>\n<\/tr>\n<tr>\n<td style=\"text-align: center;\">02.07.2015<\/td>\n<td style=\"text-align: center;\">17:00<\/td>\n<td style=\"text-align: center;\">Bodenwerder, R\u00fchler Stra\u00dfe<\/td>\n<td style=\"text-align: center;\">Industrie, Feuer in Papierm\u00fchle<\/td>\n<\/tr>\n<tr>\n<td style=\"text-align: center;\">14.08.2015<\/td>\n<td style=\"text-align: center;\">14:30<\/td>\n<td style=\"text-align: center;\">R\u00fchle, Bodenwerdersche Stra\u00dfe<\/td>\n<td style=\"text-align: center;\">\u00d6lspur<\/td>\n<\/tr>\n<tr>\n<td style=\"text-align: center;\">02.09.2015<\/td>\n<td style=\"text-align: center;\">16:30<\/td>\n<td style=\"text-align: center;\">Bodenwerder, Alpkestra\u00dfe<\/td>\n<td style=\"text-align: center;\">K\u00fcchenbrand<\/td>\n<\/tr>\n<tr>\n<td style=\"text-align: center;\">16.10.2015<\/td>\n<td style=\"text-align: center;\">18:00<\/td>\n<td style=\"text-align: center;\">Bodenwerder, Turnhalle<\/td>\n<td style=\"text-align: center;\">Aufbau Fl\u00fcchtlingsunterkunft <br \/>(Kreisfeuerwehrbereitschaft)<\/td>\n<\/tr>\n<tr>\n<td style=\"text-align: center;\">24.10.2015<\/td>\n<td style=\"text-align: center;\">08:30<\/td>\n<td style=\"text-align: center;\">Delligsen, Turnhalle<\/td>\n<td style=\"text-align: center;\">Aufbau Fl\u00fcchtlingsunterkunft <br \/>(Kreisfeuerwehrbereitschaft)<\/td>\n<\/tr>\n<tr>\n<td style=\"text-align: center;\">12.11.2015<\/td>\n<td style=\"text-align: center;\">09:00<\/td>\n<td style=\"text-align: center;\">R\u00fchle, Waldstra\u00dfe<\/td>\n<td style=\"text-align: center;\">Person unter PKW<\/td>\n<\/tr>\n<tr>\n<td style=\"text-align: center;\">18.12.2015<\/td>\n<td style=\"text-align: center;\">16:30<\/td>\n<td style=\"text-align: center;\">Bodenwerder, Linser Stra\u00dfe<\/td>\n<td style=\"text-align: center;\">Wohnungsbrand<\/td>\n<\/tr>\n<tr>\n<td style=\"text-align: center;\">23.12.2015<\/td>\n<td style=\"text-align: center;\">18:30<\/td>\n<td style=\"text-align: center;\">Bodenwerder\/Kemnade, Ringstra\u00dfe<\/td>\n<td style=\"text-align: center;\">Schornsteinbrand<\/td>\n<\/tr>\n<\/tbody>\n<\/table>\n","protected":false},"excerpt":{"rendered":"<p>Datum Uhrzeit Einsatzort Einsatzart 14.01.2015 R\u00fchle, Am Breitenstein Sicherung einer Straenlateren nach VU 31.03.2015 R\u00fchle, Am Rebstock Baumbeseitigung 04.04.2015 13:30 Bodenwerder, Gro\u00dfe Stra\u00dfe Wohnhausbrand 26.05.2015 17:30 Bodenwerder, Dampferanlager Leck am Ausflugsschiff 26.05.2015 19:30 Bodenwerder, Milanweg Gasaustritt in einem Wohnhaus 16.06.2015 03:30 R\u00fchle, Dammesworth Wohnhausbrand 17.06.2015 05:00 R\u00fchle, Dammesworth Nachl\u00f6scharbeiten vom Vortag 02.07.2015 17:00 Bodenwerder, R\u00fchler <a class=\"more-link\" href=\"https:\/\/feuerwehr-ruehle.de\/?page_id=51\">weiterlesen&#8230;<\/a><\/p>\n","protected":false},"author":1,"featured_media":0,"parent":11,"menu_order":0,"comment_status":"closed","ping_status":"closed","template":"","meta":{"footnotes":""},"class_list":["post-51","page","type-page","status-publish","hentry"],"_links":{"self":[{"href":"https:\/\/feuerwehr-ruehle.de\/index.php?rest_route=\/wp\/v2\/pages\/51","targetHints":{"allow":["GET"]}}],"collection":[{"href":"https:\/\/feuerwehr-ruehle.de\/index.php?rest_route=\/wp\/v2\/pages"}],"about":[{"href":"https:\/\/feuerwehr-ruehle.de\/index.php?rest_route=\/wp\/v2\/types\/page"}],"author":[{"embeddable":true,"href":"https:\/\/feuerwehr-ruehle.de\/index.php?rest_route=\/wp\/v2\/users\/1"}],"replies":[{"embeddable":true,"href":"https:\/\/feuerwehr-ruehle.de\/index.php?rest_route=%2Fwp%2Fv2%2Fcomments&post=51"}],"version-history":[{"count":4,"href":"https:\/\/feuerwehr-ruehle.de\/index.php?rest_route=\/wp\/v2\/pages\/51\/revisions"}],"predecessor-version":[{"id":123,"href":"https:\/\/feuerwehr-ruehle.de\/index.php?rest_route=\/wp\/v2\/pages\/51\/revisions\/123"}],"up":[{"embeddable":true,"href":"https:\/\/feuerwehr-ruehle.de\/index.php?rest_route=\/wp\/v2\/pages\/11"}],"wp:attachment":[{"href":"https:\/\/feuerwehr-ruehle.de\/index.php?rest_route=%2Fwp%2Fv2%2Fmedia&parent=51"}],"curies":[{"name":"wp","href":"https:\/\/api.w.org\/{rel}","templated":true}]}}