{"id":45,"date":"2017-03-27T22:36:40","date_gmt":"2017-03-27T20:36:40","guid":{"rendered":"http:\/\/feuerwehr-ruehle.de\/?page_id=45"},"modified":"2017-12-20T12:19:09","modified_gmt":"2017-12-20T11:19:09","slug":"einsaetze-2017","status":"publish","type":"page","link":"https:\/\/feuerwehr-ruehle.de\/?page_id=45","title":{"rendered":"Eins\u00e4tze 2017"},"content":{"rendered":"<table>\n<tbody>\n<tr>\n<td style=\"text-align: center;\">\n<h5><strong>Datum<\/strong><\/h5>\n<\/td>\n<td style=\"text-align: center;\">\n<h5><strong>Uhrzeit<\/strong><\/h5>\n<\/td>\n<td style=\"text-align: center;\">\n<h5><strong>Einsatzort<\/strong><\/h5>\n<\/td>\n<td style=\"text-align: center;\">\n<h5><strong>Einsatzart<\/strong><\/h5>\n<\/td>\n<\/tr>\n<tr>\n<td style=\"text-align: center;\">26.01.2017<\/td>\n<td style=\"text-align: center;\">21:36<\/td>\n<td style=\"text-align: center;\">Bodenwerder, Gro\u00dfe Stra\u00dfe<\/td>\n<td style=\"text-align: center;\">FEU Wohnung<br \/>Rauchentwicklung aus Schlafzimmer<\/td>\n<\/tr>\n<tr>\n<td style=\"text-align: center;\">27.01.2017<\/td>\n<td style=\"text-align: center;\">20:58<\/td>\n<td style=\"text-align: center;\">Bodenwerder, Gro\u00dfe Stra\u00dfe<\/td>\n<td style=\"text-align: center;\">FEU Wohnung<br \/>Einsatzfahrt konnte abgebrochen werden<\/td>\n<\/tr>\n<tr>\n<td style=\"text-align: center;\">21.03.2017<\/td>\n<td style=\"text-align: center;\">17:44<\/td>\n<td style=\"text-align: center;\">Bodenwerder, R\u00fchler Stra\u00dfe<\/td>\n<td style=\"text-align: center;\">FEU Industrie<br \/>Rauchentwicklung, Kompressorbrand<\/td>\n<\/tr>\n<tr>\n<td style=\"text-align: center;\">10.05.2017<\/td>\n<td style=\"text-align: center;\">18:38<\/td>\n<td style=\"text-align: center;\">Bodenwerder, Ziegeleiweg<\/td>\n<td style=\"text-align: center;\">FEU mittel<br \/>Heller Rauch<\/td>\n<\/tr>\n<tr>\n<td style=\"text-align: center;\">11.05.2017<\/td>\n<td style=\"text-align: center;\">11:32<\/td>\n<td style=\"text-align: center;\">Bodenwerder-Kemnade, Landeshuter Stra\u00dfe<\/td>\n<td style=\"text-align: center;\">FEU Wohnung<br \/>Rauch tritt aus Dach<\/td>\n<\/tr>\n<tr>\n<td style=\"text-align: center;\">26.07.2017<\/td>\n<td style=\"text-align: center;\">05:27<\/td>\n<td style=\"text-align: center;\">R\u00fchle, Waldstra\u00dfe<\/td>\n<td style=\"text-align: center;\">TH<br \/>Wasser bedroht Geb\u00e4ude<\/td>\n<\/tr>\n<tr>\n<td style=\"text-align: center;\">26.07.2017<\/td>\n<td style=\"text-align: center;\">11:05<\/td>\n<td style=\"text-align: center;\">R\u00fchle, Weserradweg<\/td>\n<td style=\"text-align: center;\">TH<br \/>Radweg vom Schlamm befreien<\/td>\n<\/tr>\n<tr>\n<td style=\"text-align: center;\">02.10.2017<\/td>\n<td style=\"text-align: center;\">11:18<\/td>\n<td style=\"text-align: center;\">R\u00fchle, Waldstra\u00dfe<\/td>\n<td style=\"text-align: center;\">TH<br \/>Umgest\u00fcrzter Baum<\/td>\n<\/tr>\n<tr>\n<td style=\"text-align: center;\">10.10.2017<\/td>\n<td style=\"text-align: center;\">19:31<\/td>\n<td style=\"text-align: center;\">Bodenwerder-Kemnad, Sandbreite<\/td>\n<td style=\"text-align: center;\">VU<br \/>PKW gegen Bus, eingeklemmte Person im PKW<br \/>(Dies war eine \u00dcbung)<\/td>\n<\/tr>\n<tr>\n<td style=\"text-align: center;\">29.11.2017<\/td>\n<td style=\"text-align: center;\">10:04<\/td>\n<td style=\"text-align: center;\">Bodenwerder-Kemnade, F\u00e4hstra\u00dfe<\/td>\n<td style=\"text-align: center;\">FEU<br \/>Wohnung<\/td>\n<\/tr>\n<tr>\n<td style=\"text-align: center;\">01.12.2017<\/td>\n<td style=\"text-align: center;\">16:40<\/td>\n<td style=\"text-align: center;\">R\u00fchle, R\u00fchler Schweiz<\/td>\n<td style=\"text-align: center;\">TH<br \/>\u00d6lspur<\/td>\n<\/tr>\n<tr>\n<td style=\"text-align: center;\">13.12.2017<\/td>\n<td style=\"text-align: center;\">23:21<\/td>\n<td style=\"text-align: center;\">R\u00fchle, Lange Grund<\/td>\n<td style=\"text-align: center;\">TH<br \/>Umgest\u00fcrzter Baum<\/td>\n<\/tr>\n<\/tbody>\n<\/table>\n","protected":false},"excerpt":{"rendered":"<p>Datum Uhrzeit Einsatzort Einsatzart 26.01.2017 21:36 Bodenwerder, Gro\u00dfe Stra\u00dfe FEU WohnungRauchentwicklung aus Schlafzimmer 27.01.2017 20:58 Bodenwerder, Gro\u00dfe Stra\u00dfe FEU WohnungEinsatzfahrt konnte abgebrochen werden 21.03.2017 17:44 Bodenwerder, R\u00fchler Stra\u00dfe FEU IndustrieRauchentwicklung, Kompressorbrand 10.05.2017 18:38 Bodenwerder, Ziegeleiweg FEU mittelHeller Rauch 11.05.2017 11:32 Bodenwerder-Kemnade, Landeshuter Stra\u00dfe FEU WohnungRauch tritt aus Dach 26.07.2017 05:27 R\u00fchle, Waldstra\u00dfe THWasser bedroht Geb\u00e4ude <a class=\"more-link\" href=\"https:\/\/feuerwehr-ruehle.de\/?page_id=45\">weiterlesen&#8230;<\/a><\/p>\n","protected":false},"author":1,"featured_media":0,"parent":11,"menu_order":0,"comment_status":"closed","ping_status":"closed","template":"","meta":{"footnotes":""},"class_list":["post-45","page","type-page","status-publish","hentry"],"_links":{"self":[{"href":"https:\/\/feuerwehr-ruehle.de\/index.php?rest_route=\/wp\/v2\/pages\/45","targetHints":{"allow":["GET"]}}],"collection":[{"href":"https:\/\/feuerwehr-ruehle.de\/index.php?rest_route=\/wp\/v2\/pages"}],"about":[{"href":"https:\/\/feuerwehr-ruehle.de\/index.php?rest_route=\/wp\/v2\/types\/page"}],"author":[{"embeddable":true,"href":"https:\/\/feuerwehr-ruehle.de\/index.php?rest_route=\/wp\/v2\/users\/1"}],"replies":[{"embeddable":true,"href":"https:\/\/feuerwehr-ruehle.de\/index.php?rest_route=%2Fwp%2Fv2%2Fcomments&post=45"}],"version-history":[{"count":8,"href":"https:\/\/feuerwehr-ruehle.de\/index.php?rest_route=\/wp\/v2\/pages\/45\/revisions"}],"predecessor-version":[{"id":339,"href":"https:\/\/feuerwehr-ruehle.de\/index.php?rest_route=\/wp\/v2\/pages\/45\/revisions\/339"}],"up":[{"embeddable":true,"href":"https:\/\/feuerwehr-ruehle.de\/index.php?rest_route=\/wp\/v2\/pages\/11"}],"wp:attachment":[{"href":"https:\/\/feuerwehr-ruehle.de\/index.php?rest_route=%2Fwp%2Fv2%2Fmedia&parent=45"}],"curies":[{"name":"wp","href":"https:\/\/api.w.org\/{rel}","templated":true}]}}