{"id":426,"date":"2019-03-12T14:08:57","date_gmt":"2019-03-12T13:08:57","guid":{"rendered":"http:\/\/feuerwehr-ruehle.de\/?page_id=426"},"modified":"2020-02-28T16:14:05","modified_gmt":"2020-02-28T15:14:05","slug":"einsaetze-2019","status":"publish","type":"page","link":"https:\/\/feuerwehr-ruehle.de\/?page_id=426","title":{"rendered":"Eins\u00e4tze 2019"},"content":{"rendered":"\n<table>\n<tbody>\n<tr>\n<td style=\"text-align: center;\">\n<h5><strong>Datum<\/strong><\/h5>\n<\/td>\n<td style=\"text-align: center;\">\n<h5><strong>Uhrzeit<\/strong><\/h5>\n<\/td>\n<td style=\"text-align: center;\">\n<h5><strong>Einsatzort<\/strong><\/h5>\n<\/td>\n<td style=\"text-align: center;\">\n<h5><strong>Einsatzart<\/strong><\/h5>\n<\/td>\n<\/tr>\n<tr>\n<td style=\"text-align: center;\">24.01.2019<\/td>\n<td style=\"text-align: center;\">16:37<\/td>\n<td style=\"text-align: center;\">Bodenwerder-Kemnade, Ernst-Reuter Str.<\/td>\n<td style=\"text-align: center;\">FEU Industrie<br>offenes Feuer in einer Halle<\/td>\n<\/tr>\n<tr>\n<td style=\"text-align: center;\">25.01.2019<\/td>\n<td style=\"text-align: center;\">12:06<\/td>\n<td style=\"text-align: center;\">R\u00fchle, Golmbacher Str. \/ Ortsdurchfahrt<\/td>\n<td style=\"text-align: center;\">TH Einsatz<br>Beseitigung einer \u00d6lspur<\/td>\n<\/tr>\n<tr>\n<td style=\"text-align: center;\">30.04.2019<\/td>\n<td style=\"text-align: center;\">04:16<\/td>\n<td style=\"text-align: center;\">R\u00fchle-D\u00f6lme K35<\/td>\n<td style=\"text-align: center;\">TH Einsatz<br>umgest\u00fcrzter Baum<\/td>\n<\/tr>\n<tr>\n<td style=\"text-align: center;\">15.05.2019<\/td>\n<td style=\"text-align: center;\">05:30<\/td>\n<td style=\"text-align: center;\">R\u00fchle, Bodenwerder, Linse<\/td>\n<td style=\"text-align: center;\">TH Unwetter:<br>Kontrolle im Ortsbereich, Unterst\u00fctzung der Kameraden in Bodenwerder und Linse<\/td>\n<\/tr>\n<tr>\n<td style=\"text-align: center;\">20.05.2019<\/td>\n<td style=\"text-align: center;\">20:28<\/td>\n<td style=\"text-align: center;\">Bodenwerder, R\u00fchler Stra\u00dfe<\/td>\n<td style=\"text-align: center;\">FEU Wohnung<br>unkl. Rauchentwicklung aus Fenster<\/td>\n<\/tr>\n<tr>\n<td style=\"text-align: center;\">22.07.2019<\/td>\n<td style=\"text-align: center;\">17:17<\/td>\n<td style=\"text-align: center;\">R\u00fchle-Golmbach L580<\/td>\n<td style=\"text-align: center;\">TH auslaufende Betriebsstoffe klein:<br>Krad mit 2 Person verunfallt, auslaufende Betriebsstoffe<\/td>\n<\/tr>\n<tr>\n<td style=\"text-align: center;\">28.07.2019<\/td>\n<td style=\"text-align: center;\">18:47<\/td>\n<td style=\"text-align: center;\">R\u00fchle-Golmbach L580<\/td>\n<td style=\"text-align: center;\">TH Alarm Tierrettung:<br>Kuh im Graben und kommt nicht selbstst\u00e4ndig raus<\/td>\n<\/tr>\n<tr>\n<td style=\"text-align: center;\">14.08.2019<\/td>\n<td style=\"text-align: center;\">21:31<\/td>\n<td style=\"text-align: center;\">R\u00fchle-Golmbach L580, h\u00f6he der Scheune in den Wald<\/td>\n<td style=\"text-align: center;\">FEU Fl\u00e4che klein:<br>Feuer stellte sich nach Ankunft als ein zu gro\u00dfes Lagerfeuer heraus und wurde gel\u00f6scht.<\/td>\n<\/tr>\n<tr>\n<td style=\"text-align: center;\">08.09.2019<\/td>\n<td style=\"text-align: center;\">12:27<\/td>\n<td style=\"text-align: center;\">Bodenwerder-Kemnade, Hamelner Str.<\/td>\n<td style=\"text-align: center;\">FEU Wohnung:<br>Kabelbrand, Verrauchung<\/td>\n<\/tr>\n<tr>\n<td style=\"text-align: center;\">28.09.2019<\/td>\n<td style=\"text-align: center;\">10:52<\/td>\n<td style=\"text-align: center;\">Bodenwerder-Kemnade, Elsa-Brandstr\u00f6m-Str.<\/td>\n<td style=\"text-align: center;\">FEU Wohnung:<br><\/td>\n<\/tr>\n<tr>\n<td style=\"text-align: center;\">09.10.2019<\/td>\n<td style=\"text-align: center;\">17:49<\/td>\n<td style=\"text-align: center;\">Bodenwerder, Gro\u00dfe Str.<\/td>\n<td style=\"text-align: center;\">FEU Wohnung:<br>Der gemeldete K\u00fcchenbrand stellte sich schnell als eine \u00dcbung heraus.<\/td>\n<\/tr>\n<td style=\"text-align: center;\">27.12.2019<\/td>\n<td style=\"text-align: center;\">23:09<\/td>\n<td style=\"text-align: center;\">R\u00fchle, Am Breitenstein<\/td>\n<td style=\"text-align: center;\">TH Alarm:<br>Person droht zu springen, POL und RD vor Ort. <br>Die Situation konnte schlie\u00dflich durch die Polizei gekl\u00e4rt werden.<\/td>\n<\/tr>\n<\/tbody>\n<\/table>\n","protected":false},"excerpt":{"rendered":"<p>Datum Uhrzeit Einsatzort Einsatzart 24.01.2019 16:37 Bodenwerder-Kemnade, Ernst-Reuter Str. FEU Industrieoffenes Feuer in einer Halle 25.01.2019 12:06 R\u00fchle, Golmbacher Str. \/ Ortsdurchfahrt TH EinsatzBeseitigung einer \u00d6lspur 30.04.2019 04:16 R\u00fchle-D\u00f6lme K35 TH Einsatzumgest\u00fcrzter Baum 15.05.2019 05:30 R\u00fchle, Bodenwerder, Linse TH Unwetter:Kontrolle im Ortsbereich, Unterst\u00fctzung der Kameraden in Bodenwerder und Linse 20.05.2019 20:28 Bodenwerder, R\u00fchler Stra\u00dfe FEU <a class=\"more-link\" href=\"https:\/\/feuerwehr-ruehle.de\/?page_id=426\">weiterlesen&#8230;<\/a><\/p>\n","protected":false},"author":1,"featured_media":0,"parent":0,"menu_order":0,"comment_status":"closed","ping_status":"closed","template":"","meta":{"footnotes":""},"class_list":["post-426","page","type-page","status-publish","hentry"],"_links":{"self":[{"href":"https:\/\/feuerwehr-ruehle.de\/index.php?rest_route=\/wp\/v2\/pages\/426","targetHints":{"allow":["GET"]}}],"collection":[{"href":"https:\/\/feuerwehr-ruehle.de\/index.php?rest_route=\/wp\/v2\/pages"}],"about":[{"href":"https:\/\/feuerwehr-ruehle.de\/index.php?rest_route=\/wp\/v2\/types\/page"}],"author":[{"embeddable":true,"href":"https:\/\/feuerwehr-ruehle.de\/index.php?rest_route=\/wp\/v2\/users\/1"}],"replies":[{"embeddable":true,"href":"https:\/\/feuerwehr-ruehle.de\/index.php?rest_route=%2Fwp%2Fv2%2Fcomments&post=426"}],"version-history":[{"count":6,"href":"https:\/\/feuerwehr-ruehle.de\/index.php?rest_route=\/wp\/v2\/pages\/426\/revisions"}],"predecessor-version":[{"id":515,"href":"https:\/\/feuerwehr-ruehle.de\/index.php?rest_route=\/wp\/v2\/pages\/426\/revisions\/515"}],"wp:attachment":[{"href":"https:\/\/feuerwehr-ruehle.de\/index.php?rest_route=%2Fwp%2Fv2%2Fmedia&parent=426"}],"curies":[{"name":"wp","href":"https:\/\/api.w.org\/{rel}","templated":true}]}}