{"id":362,"date":"2018-03-13T09:53:35","date_gmt":"2018-03-13T08:53:35","guid":{"rendered":"http:\/\/feuerwehr-ruehle.de\/?page_id=362"},"modified":"2019-03-12T14:03:40","modified_gmt":"2019-03-12T13:03:40","slug":"einsaetze-2018","status":"publish","type":"page","link":"https:\/\/feuerwehr-ruehle.de\/?page_id=362","title":{"rendered":"Eins\u00e4tze 2018"},"content":{"rendered":"<table>\n<tbody>\n<tr>\n<td style=\"text-align: center;\">\n<h5><strong>Datum<\/strong><\/h5>\n<\/td>\n<td style=\"text-align: center;\">\n<h5><strong>Uhrzeit<\/strong><\/h5>\n<\/td>\n<td style=\"text-align: center;\">\n<h5><strong>Einsatzort<\/strong><\/h5>\n<\/td>\n<td style=\"text-align: center;\">\n<h5><strong>Einsatzart<\/strong><\/h5>\n<\/td>\n<\/tr>\n<tr>\n<td style=\"text-align: center;\">18.01.2018<\/td>\n<td style=\"text-align: center;\">15:56<\/td>\n<td style=\"text-align: center;\">R\u00fchle, R\u00fchler Schweiz<\/td>\n<td style=\"text-align: center;\">TH Unwetter<br \/>\nMehrere umgest\u00fcrzte B\u00e4ume sollte in der R\u00fchler Schweiz beseitigt werden. Nach einer Erkundung waren diese schon beseitigt.<\/td>\n<\/tr>\n<tr>\n<td style=\"text-align: center;\">18.01.2018<\/td>\n<td style=\"text-align: center;\">17:19<\/td>\n<td style=\"text-align: center;\">R\u00fchle, Waldstra\u00dfe<\/td>\n<td style=\"text-align: center;\">TH Unwetter<br \/>\nBeseitigung umgest\u00fcrzter Baum<\/td>\n<\/tr>\n<tr>\n<td style=\"text-align: center;\">07.02.2018<\/td>\n<td style=\"text-align: center;\">12:49<\/td>\n<td style=\"text-align: center;\">Bodenwerder, Leibnizstra\u00dfe<\/td>\n<td style=\"text-align: center;\">FEU<br \/>\nRauchentwicklung aus Keller<\/td>\n<\/tr>\n<tr>\n<td style=\"text-align: center;\">14.06.2018<\/td>\n<td style=\"text-align: center;\">16:48<\/td>\n<td style=\"text-align: center;\">R\u00fchle, Bodenwerdersche Stra\u00dfe<\/td>\n<td style=\"text-align: center;\">TH Einsatz<br \/>\n\u00d6lspur<\/td>\n<\/tr>\n<tr>\n<td style=\"text-align: center;\">01.08.2018<\/td>\n<td style=\"text-align: center;\">15:40<\/td>\n<td style=\"text-align: center;\">L580, Bodenwerder &#8211; R\u00fchle<\/td>\n<td style=\"text-align: center;\">FEU Fl\u00e4che mittel, 1. Nachalarm<br \/>\nFeld zwischen R\u00fchle und Bodenwerder fing an zu brennen<\/td>\n<\/tr>\n<tr>\n<td style=\"text-align: center;\">07.08.2018<\/td>\n<td style=\"text-align: center;\">16:48<\/td>\n<td style=\"text-align: center;\">Bodenwerder, Homburgstra\u00dfe<\/td>\n<td style=\"text-align: center;\">FEU Wohnung<br \/>\nGemeldeter Brand stellte sich als angebarnntes Essen heraus<\/td>\n<\/tr>\n<tr>\n<td style=\"text-align: center;\">11.08.2018<\/td>\n<td style=\"text-align: center;\">08:36<\/td>\n<td style=\"text-align: center;\">R\u00fchle, Ortsdurchfahrt<\/td>\n<td style=\"text-align: center;\">TH Einsatz \u00d6lspur klein<br \/>\ngemeldete \u00d6lspur zog sich von Rehren bis nach L\u00fctgenade<\/td>\n<\/tr>\n<tr>\n<td style=\"text-align: center;\">13.08.2018<\/td>\n<td style=\"text-align: center;\">21:56<\/td>\n<td style=\"text-align: center;\">R\u00fchle, Feriensiedlung<\/td>\n<td style=\"text-align: center;\">FEU klein<br \/>\ngesichtetes Feuer stellte sich als ein &#8222;Grill&#8220; heraus.<br \/>\nAuf der Anfahrt wurde Entwarnung durchgegeben.<\/td>\n<\/tr>\n<tr>\n<td style=\"text-align: center;\">10.09.2018<\/td>\n<td style=\"text-align: center;\">18:29<\/td>\n<td style=\"text-align: center;\">Bodenwerder, Gro\u00dfe Stra\u00dfe<\/td>\n<td style=\"text-align: center;\">FEU Menschenleben in Gefahr<\/td>\n<\/tr>\n<tr>\n<td style=\"text-align: center;\">17.10.2018<\/td>\n<td style=\"text-align: center;\">16:27<\/td>\n<td style=\"text-align: center;\">Bodenwerder, Im K\u00e4lbertal<\/td>\n<td style=\"text-align: center;\">FEU Dachstuhl<br \/>\nAuf der Anfahrt wurde Entwarnung durchgegeben<\/td>\n<\/tr>\n<tr>\n<td style=\"text-align: center;\">02.11.2018<\/td>\n<td style=\"text-align: center;\">16:10<\/td>\n<td style=\"text-align: center;\">R\u00fchle, Bodenwerdersche Str.<\/td>\n<td style=\"text-align: center;\">TH Einsatz \u00d6lspur klein<\/td>\n<\/tr>\n<tr>\n<td style=\"text-align: center;\">10.11.2018<\/td>\n<td style=\"text-align: center;\">12:44<\/td>\n<td style=\"text-align: center;\">R\u00fchle, Am Breitenstein<\/td>\n<td style=\"text-align: center;\">TH Einsatz \u00d6lspur klein<\/td>\n<\/tr>\n<tr>\n<td style=\"text-align: center;\">14.12.2018<\/td>\n<td style=\"text-align: center;\">23:36<\/td>\n<td style=\"text-align: center;\">Bodenwerder, Linser Str.<\/td>\n<td style=\"text-align: center;\">FEU Wohnung<br \/>\nGemeldeter Brand stellte sich als angebarnntes Essen heraus<\/td>\n<\/tr>\n<tr>\n<td style=\"text-align: center;\">16.12.2018<\/td>\n<td style=\"text-align: center;\">17:10<\/td>\n<td style=\"text-align: center;\">R\u00fchle, Am Breitenstein<\/td>\n<td style=\"text-align: center;\">TH Einsatz \u00d6lspur klein<\/td>\n<\/tr>\n<\/tbody>\n<\/table>\n","protected":false},"excerpt":{"rendered":"<p>Datum Uhrzeit Einsatzort Einsatzart 18.01.2018 15:56 R\u00fchle, R\u00fchler Schweiz TH Unwetter Mehrere umgest\u00fcrzte B\u00e4ume sollte in der R\u00fchler Schweiz beseitigt werden. Nach einer Erkundung waren diese schon beseitigt. 18.01.2018 17:19 R\u00fchle, Waldstra\u00dfe TH Unwetter Beseitigung umgest\u00fcrzter Baum 07.02.2018 12:49 Bodenwerder, Leibnizstra\u00dfe FEU Rauchentwicklung aus Keller 14.06.2018 16:48 R\u00fchle, Bodenwerdersche Stra\u00dfe TH Einsatz \u00d6lspur 01.08.2018 15:40 <a class=\"more-link\" href=\"https:\/\/feuerwehr-ruehle.de\/?page_id=362\">weiterlesen&#8230;<\/a><\/p>\n","protected":false},"author":1,"featured_media":0,"parent":11,"menu_order":0,"comment_status":"closed","ping_status":"closed","template":"","meta":{"footnotes":""},"class_list":["post-362","page","type-page","status-publish","hentry"],"_links":{"self":[{"href":"https:\/\/feuerwehr-ruehle.de\/index.php?rest_route=\/wp\/v2\/pages\/362","targetHints":{"allow":["GET"]}}],"collection":[{"href":"https:\/\/feuerwehr-ruehle.de\/index.php?rest_route=\/wp\/v2\/pages"}],"about":[{"href":"https:\/\/feuerwehr-ruehle.de\/index.php?rest_route=\/wp\/v2\/types\/page"}],"author":[{"embeddable":true,"href":"https:\/\/feuerwehr-ruehle.de\/index.php?rest_route=\/wp\/v2\/users\/1"}],"replies":[{"embeddable":true,"href":"https:\/\/feuerwehr-ruehle.de\/index.php?rest_route=%2Fwp%2Fv2%2Fcomments&post=362"}],"version-history":[{"count":5,"href":"https:\/\/feuerwehr-ruehle.de\/index.php?rest_route=\/wp\/v2\/pages\/362\/revisions"}],"predecessor-version":[{"id":425,"href":"https:\/\/feuerwehr-ruehle.de\/index.php?rest_route=\/wp\/v2\/pages\/362\/revisions\/425"}],"up":[{"embeddable":true,"href":"https:\/\/feuerwehr-ruehle.de\/index.php?rest_route=\/wp\/v2\/pages\/11"}],"wp:attachment":[{"href":"https:\/\/feuerwehr-ruehle.de\/index.php?rest_route=%2Fwp%2Fv2%2Fmedia&parent=362"}],"curies":[{"name":"wp","href":"https:\/\/api.w.org\/{rel}","templated":true}]}}