{"id":207,"date":"2017-05-16T21:49:02","date_gmt":"2017-05-16T19:49:02","guid":{"rendered":"http:\/\/feuerwehr-ruehle.de\/?page_id=207"},"modified":"2023-08-16T10:57:49","modified_gmt":"2023-08-16T08:57:49","slug":"vgh-ehrenamtspreis-2017","status":"publish","type":"page","link":"https:\/\/feuerwehr-ruehle.de\/?page_id=207","title":{"rendered":""},"content":{"rendered":"\n<h2 class=\"wp-block-heading\"> <p style=\"text-align: center;\">VGH Ehrenamtspreis f\u00fcr Mitarbeiter 2017<\/h2><\/p><br><br>\n\n\n<p style=\"text-align: center;\"><span style=\"font-size: large;\">Dank unseres Kameraden und Betreuers Stefan Hellwig,<br \/>hat die Jugendfeuerwehr R\u00fchle bei dem VGH Ehrenamtspreis f\u00fcr Mitarbeiter teilnehmen k\u00f6nnen.<\/span><\/p>\n<p style=\"text-align: center;\"><span style=\"font-size: large;\">Dort hat die Jugendfeuerwehr den dritten Platz belegt und somit ein Preisgeld von 2000\u20ac in Empfang nehmen k\u00f6nnen.<br \/><\/span><\/p>\n<p>\u00a0<\/p>\n<p><iframe loading=\"lazy\" title=\"VGH Ehrenamtspreis f\u00fcr Mitarbeiter - Projekt Feuerwehr\" width=\"780\" height=\"439\" src=\"https:\/\/www.youtube.com\/embed\/uVyp3U5w1hQ?feature=oembed\" frameborder=\"0\" allow=\"accelerometer; autoplay; clipboard-write; encrypted-media; gyroscope; picture-in-picture; web-share\" allowfullscreen><\/iframe><\/p>\n<p><iframe loading=\"lazy\" title=\"VGH Ehrenamtspreis f\u00fcr Mitarbeiterprojekte 2017\" width=\"780\" height=\"439\" src=\"https:\/\/www.youtube.com\/embed\/zPpFmk2P6Yc?feature=oembed\" frameborder=\"0\" allow=\"accelerometer; autoplay; clipboard-write; encrypted-media; gyroscope; picture-in-picture; web-share\" allowfullscreen><\/iframe><\/p>","protected":false},"excerpt":{"rendered":"<p>VGH Ehrenamtspreis f\u00fcr Mitarbeiter 2017 Dank unseres Kameraden und Betreuers Stefan Hellwig,hat die Jugendfeuerwehr R\u00fchle bei dem VGH Ehrenamtspreis f\u00fcr Mitarbeiter teilnehmen k\u00f6nnen. Dort hat die Jugendfeuerwehr den dritten Platz belegt und somit ein Preisgeld von 2000\u20ac in Empfang nehmen k\u00f6nnen. \u00a0<\/p>\n","protected":false},"author":1,"featured_media":0,"parent":0,"menu_order":0,"comment_status":"closed","ping_status":"closed","template":"","meta":{"footnotes":""},"class_list":["post-207","page","type-page","status-publish","hentry"],"_links":{"self":[{"href":"https:\/\/feuerwehr-ruehle.de\/index.php?rest_route=\/wp\/v2\/pages\/207","targetHints":{"allow":["GET"]}}],"collection":[{"href":"https:\/\/feuerwehr-ruehle.de\/index.php?rest_route=\/wp\/v2\/pages"}],"about":[{"href":"https:\/\/feuerwehr-ruehle.de\/index.php?rest_route=\/wp\/v2\/types\/page"}],"author":[{"embeddable":true,"href":"https:\/\/feuerwehr-ruehle.de\/index.php?rest_route=\/wp\/v2\/users\/1"}],"replies":[{"embeddable":true,"href":"https:\/\/feuerwehr-ruehle.de\/index.php?rest_route=%2Fwp%2Fv2%2Fcomments&post=207"}],"version-history":[{"count":11,"href":"https:\/\/feuerwehr-ruehle.de\/index.php?rest_route=\/wp\/v2\/pages\/207\/revisions"}],"predecessor-version":[{"id":755,"href":"https:\/\/feuerwehr-ruehle.de\/index.php?rest_route=\/wp\/v2\/pages\/207\/revisions\/755"}],"wp:attachment":[{"href":"https:\/\/feuerwehr-ruehle.de\/index.php?rest_route=%2Fwp%2Fv2%2Fmedia&parent=207"}],"curies":[{"name":"wp","href":"https:\/\/api.w.org\/{rel}","templated":true}]}}