{"id":13,"date":"2017-03-27T22:21:49","date_gmt":"2017-03-27T20:21:49","guid":{"rendered":"http:\/\/feuerwehr-ruehle.de\/?page_id=13"},"modified":"2017-03-28T22:16:51","modified_gmt":"2017-03-28T20:16:51","slug":"links","status":"publish","type":"page","link":"https:\/\/feuerwehr-ruehle.de\/?page_id=13","title":{"rendered":"Links"},"content":{"rendered":"<ul>\n<li><a href=\"http:\/\/www.sv-ruehle.de\" target=\"_blank\">Sportverein R\u00fchle<\/a><\/li>\n<li><a href=\"http:\/\/osterfeuer.mein-verein.de\/\" target=\"_blank\">Osterfeuerverein R\u00fchle<\/a><\/li>\n<li><a href=\"http:\/\/www.ruehler-schweiz.de\" target=\"_blank\">Verkehrsverein R\u00fchle<\/a><\/li>\n<\/ul>\n<p>&nbsp;<\/p>\n","protected":false},"excerpt":{"rendered":"<p>Sportverein R\u00fchle Osterfeuerverein R\u00fchle Verkehrsverein R\u00fchle &nbsp;<\/p>\n","protected":false},"author":1,"featured_media":0,"parent":0,"menu_order":0,"comment_status":"closed","ping_status":"closed","template":"","meta":{"footnotes":""},"class_list":["post-13","page","type-page","status-publish","hentry"],"_links":{"self":[{"href":"https:\/\/feuerwehr-ruehle.de\/index.php?rest_route=\/wp\/v2\/pages\/13","targetHints":{"allow":["GET"]}}],"collection":[{"href":"https:\/\/feuerwehr-ruehle.de\/index.php?rest_route=\/wp\/v2\/pages"}],"about":[{"href":"https:\/\/feuerwehr-ruehle.de\/index.php?rest_route=\/wp\/v2\/types\/page"}],"author":[{"embeddable":true,"href":"https:\/\/feuerwehr-ruehle.de\/index.php?rest_route=\/wp\/v2\/users\/1"}],"replies":[{"embeddable":true,"href":"https:\/\/feuerwehr-ruehle.de\/index.php?rest_route=%2Fwp%2Fv2%2Fcomments&post=13"}],"version-history":[{"count":3,"href":"https:\/\/feuerwehr-ruehle.de\/index.php?rest_route=\/wp\/v2\/pages\/13\/revisions"}],"predecessor-version":[{"id":103,"href":"https:\/\/feuerwehr-ruehle.de\/index.php?rest_route=\/wp\/v2\/pages\/13\/revisions\/103"}],"wp:attachment":[{"href":"https:\/\/feuerwehr-ruehle.de\/index.php?rest_route=%2Fwp%2Fv2%2Fmedia&parent=13"}],"curies":[{"name":"wp","href":"https:\/\/api.w.org\/{rel}","templated":true}]}}