{"id":11,"date":"2017-03-27T22:21:49","date_gmt":"2017-03-27T20:21:49","guid":{"rendered":"http:\/\/feuerwehr-ruehle.de\/?page_id=11"},"modified":"2024-09-27T07:59:51","modified_gmt":"2024-09-27T05:59:51","slug":"einsaetze","status":"publish","type":"page","link":"https:\/\/feuerwehr-ruehle.de\/?page_id=11","title":{"rendered":"Eins\u00e4tze"},"content":{"rendered":"<ul>\n<li><a href=\"http:\/\/feuerwehr-ruehle.de\/?page_id=840\">Eins\u00e4tze 2024<\/a><\/li>\n<li><a href=\"http:\/\/feuerwehr-ruehle.de\/?page_id=735\">Eins\u00e4tze 2023<\/a><\/li>\n<li><a href=\"http:\/\/feuerwehr-ruehle.de\/?page_id=658\">Eins\u00e4tze 2022<\/a><\/li>\n<li><a href=\"http:\/\/feuerwehr-ruehle.de\/?page_id=568\">Eins\u00e4tze 2021<\/a><\/li>\n<li><a href=\"http:\/\/feuerwehr-ruehle.de\/?page_id=553\">Eins\u00e4tze 2020<\/a><\/li>\n<li><a href=\"http:\/\/feuerwehr-ruehle.de\/?page_id=426\">Eins\u00e4tze 2019<\/a><\/li>\n<li><a href=\"http:\/\/feuerwehr-ruehle.de\/?page_id=362\">Eins\u00e4tze 2018<\/a><\/li>\n<li><a href=\"http:\/\/feuerwehr-ruehle.de\/?page_id=45\">Eins\u00e4tze 2017<\/a><\/li>\n<li><a href=\"http:\/\/feuerwehr-ruehle.de\/?page_id=49\">Eins\u00e4tze 2016<\/a><\/li>\n<li><a href=\"http:\/\/feuerwehr-ruehle.de\/?page_id=51\">Eins\u00e4tze 2015<\/a><\/li>\n<li><a href=\"http:\/\/feuerwehr-ruehle.de\/?page_id=52\">Eins\u00e4tze 2014<\/a><\/li>\n<li><a href=\"http:\/\/feuerwehr-ruehle.de\/?page_id=54\">Eins\u00e4tze 2013<\/a><\/li>\n<li><a href=\"http:\/\/feuerwehr-ruehle.de\/?page_id=55\">Eins\u00e4tze 2012<\/a><\/li>\n<li><a href=\"http:\/\/feuerwehr-ruehle.de\/?page_id=56\">Eins\u00e4tze 2011<\/a><\/li>\n<\/ul>\n","protected":false},"excerpt":{"rendered":"<p>Eins\u00e4tze 2024 Eins\u00e4tze 2023 Eins\u00e4tze 2022 Eins\u00e4tze 2021 Eins\u00e4tze 2020 Eins\u00e4tze 2019 Eins\u00e4tze 2018 Eins\u00e4tze 2017 Eins\u00e4tze 2016 Eins\u00e4tze 2015 Eins\u00e4tze 2014 Eins\u00e4tze 2013 Eins\u00e4tze 2012 Eins\u00e4tze 2011<\/p>\n","protected":false},"author":1,"featured_media":0,"parent":0,"menu_order":0,"comment_status":"closed","ping_status":"closed","template":"","meta":{"footnotes":""},"class_list":["post-11","page","type-page","status-publish","hentry"],"_links":{"self":[{"href":"https:\/\/feuerwehr-ruehle.de\/index.php?rest_route=\/wp\/v2\/pages\/11","targetHints":{"allow":["GET"]}}],"collection":[{"href":"https:\/\/feuerwehr-ruehle.de\/index.php?rest_route=\/wp\/v2\/pages"}],"about":[{"href":"https:\/\/feuerwehr-ruehle.de\/index.php?rest_route=\/wp\/v2\/types\/page"}],"author":[{"embeddable":true,"href":"https:\/\/feuerwehr-ruehle.de\/index.php?rest_route=\/wp\/v2\/users\/1"}],"replies":[{"embeddable":true,"href":"https:\/\/feuerwehr-ruehle.de\/index.php?rest_route=%2Fwp%2Fv2%2Fcomments&post=11"}],"version-history":[{"count":7,"href":"https:\/\/feuerwehr-ruehle.de\/index.php?rest_route=\/wp\/v2\/pages\/11\/revisions"}],"predecessor-version":[{"id":848,"href":"https:\/\/feuerwehr-ruehle.de\/index.php?rest_route=\/wp\/v2\/pages\/11\/revisions\/848"}],"wp:attachment":[{"href":"https:\/\/feuerwehr-ruehle.de\/index.php?rest_route=%2Fwp%2Fv2%2Fmedia&parent=11"}],"curies":[{"name":"wp","href":"https:\/\/api.w.org\/{rel}","templated":true}]}}